{"id":47,"date":"2015-03-18T21:41:56","date_gmt":"2015-03-18T20:41:56","guid":{"rendered":"http:\/\/new.parowozy.pl\/?page_id=47"},"modified":"2015-03-29T20:55:29","modified_gmt":"2015-03-29T18:55:29","slug":"ekspozycja","status":"publish","type":"page","link":"https:\/\/www.parowozy.pl\/steamtrains\/ekspozycja\/","title":{"rendered":"Ekspozycja"},"content":{"rendered":"<p>tre\u015b\u0107<\/p>\n","protected":false},"excerpt":{"rendered":"<p>tre\u015b\u0107<\/p>\n","protected":false},"author":1,"featured_media":0,"parent":0,"menu_order":0,"comment_status":"closed","ping_status":"open","template":"","meta":{"jetpack_post_was_ever_published":false,"footnotes":""},"class_list":["post-47","page","type-page","status-publish","hentry","no-image","with-title"],"yoast_head":"<!-- This site is optimized with the Yoast SEO plugin v27.3 - https:\/\/yoast.com\/product\/yoast-seo-wordpress\/ -->\n<title>Ekspozycja - The Chab\u00f3wka Rolling-Stock Heritage Park &quot;Skansen&quot;<\/title>\n<meta name=\"description\" content=\"Skansen taboru kolejowego w Chab\u00f3wce-strona o najwi\u0119kszej tego typu muzealnej ekspozycji w Polsce. Opis zbior\u00f3w, fotografie i filmy z przejazd\u00f3w retro\" \/>\n<meta name=\"robots\" content=\"index, follow, max-snippet:-1, max-image-preview:large, max-video-preview:-1\" \/>\n<link rel=\"canonical\" href=\"https:\/\/www.parowozy.pl\/steamtrains\/ekspozycja\/\" \/>\n<meta property=\"og:locale\" content=\"en_US\" \/>\n<meta property=\"og:type\" content=\"article\" \/>\n<meta property=\"og:title\" content=\"Ekspozycja - The Chab\u00f3wka Rolling-Stock Heritage Park &quot;Skansen&quot;\" \/>\n<meta property=\"og:description\" content=\"Skansen taboru kolejowego w Chab\u00f3wce-strona o najwi\u0119kszej tego typu muzealnej ekspozycji w Polsce. Opis zbior\u00f3w, fotografie i filmy z przejazd\u00f3w retro\" \/>\n<meta property=\"og:url\" content=\"https:\/\/www.parowozy.pl\/steamtrains\/ekspozycja\/\" \/>\n<meta property=\"og:site_name\" content=\"The Chab\u00f3wka Rolling-Stock Heritage Park &quot;Skansen&quot;\" \/>\n<meta property=\"article:modified_time\" content=\"2015-03-29T18:55:29+00:00\" \/>\n<meta property=\"og:image\" content=\"https:\/\/i0.wp.com\/www.parowozy.pl\/steamtrains\/wp-content\/uploads\/sites\/7\/2015\/04\/Ty42-107-z-33300-Kasina-Wielka-Mszana-Dolna-6.04.2014-16.39.jpg?fit=1077%2C808&ssl=1\" \/>\n\t<meta property=\"og:image:width\" content=\"1077\" \/>\n\t<meta property=\"og:image:height\" content=\"808\" \/>\n\t<meta property=\"og:image:type\" content=\"image\/jpeg\" \/>\n<script type=\"application\/ld+json\" class=\"yoast-schema-graph\">{\"@context\":\"https:\\\/\\\/schema.org\",\"@graph\":[{\"@type\":\"WebPage\",\"@id\":\"https:\\\/\\\/www.parowozy.pl\\\/steamtrains\\\/ekspozycja\\\/\",\"url\":\"https:\\\/\\\/www.parowozy.pl\\\/steamtrains\\\/ekspozycja\\\/\",\"name\":\"Ekspozycja - The Chab\u00f3wka Rolling-Stock Heritage Park &quot;Skansen&quot;\",\"isPartOf\":{\"@id\":\"https:\\\/\\\/www.parowozy.pl\\\/steamtrains\\\/#website\"},\"datePublished\":\"2015-03-18T20:41:56+00:00\",\"dateModified\":\"2015-03-29T18:55:29+00:00\",\"description\":\"Skansen taboru kolejowego w Chab\u00f3wce-strona o najwi\u0119kszej tego typu muzealnej ekspozycji w Polsce. Opis zbior\u00f3w, fotografie i filmy z przejazd\u00f3w retro\",\"breadcrumb\":{\"@id\":\"https:\\\/\\\/www.parowozy.pl\\\/steamtrains\\\/ekspozycja\\\/#breadcrumb\"},\"inLanguage\":\"en-US\",\"potentialAction\":[{\"@type\":\"ReadAction\",\"target\":[\"https:\\\/\\\/www.parowozy.pl\\\/steamtrains\\\/ekspozycja\\\/\"]}]},{\"@type\":\"BreadcrumbList\",\"@id\":\"https:\\\/\\\/www.parowozy.pl\\\/steamtrains\\\/ekspozycja\\\/#breadcrumb\",\"itemListElement\":[{\"@type\":\"ListItem\",\"position\":1,\"name\":\"Strona g\u0142\u00f3wna\",\"item\":\"https:\\\/\\\/www.parowozy.pl\\\/steamtrains\\\/\"},{\"@type\":\"ListItem\",\"position\":2,\"name\":\"Ekspozycja\"}]},{\"@type\":\"WebSite\",\"@id\":\"https:\\\/\\\/www.parowozy.pl\\\/steamtrains\\\/#website\",\"url\":\"https:\\\/\\\/www.parowozy.pl\\\/steamtrains\\\/\",\"name\":\"The Chab\u00f3wka Rolling-Stock Heritage Park &quot;Skansen&quot;\",\"description\":\"Chab\u00f3wka Museum\",\"publisher\":{\"@id\":\"https:\\\/\\\/www.parowozy.pl\\\/steamtrains\\\/#\\\/schema\\\/person\\\/c2d2f38fc75cbe7d3cc51204696dc8eb\"},\"potentialAction\":[{\"@type\":\"SearchAction\",\"target\":{\"@type\":\"EntryPoint\",\"urlTemplate\":\"https:\\\/\\\/www.parowozy.pl\\\/steamtrains\\\/?s={search_term_string}\"},\"query-input\":{\"@type\":\"PropertyValueSpecification\",\"valueRequired\":true,\"valueName\":\"search_term_string\"}}],\"inLanguage\":\"en-US\"},{\"@type\":[\"Person\",\"Organization\"],\"@id\":\"https:\\\/\\\/www.parowozy.pl\\\/steamtrains\\\/#\\\/schema\\\/person\\\/c2d2f38fc75cbe7d3cc51204696dc8eb\",\"name\":\"Mi\u0142osz Mazurek\",\"image\":{\"@type\":\"ImageObject\",\"inLanguage\":\"en-US\",\"@id\":\"https:\\\/\\\/secure.gravatar.com\\\/avatar\\\/479647e5cd62c1657057259de75b2f8f6d458898689f92162d1e66e4bbcb563f?s=96&d=mm&r=g\",\"url\":\"https:\\\/\\\/secure.gravatar.com\\\/avatar\\\/479647e5cd62c1657057259de75b2f8f6d458898689f92162d1e66e4bbcb563f?s=96&d=mm&r=g\",\"contentUrl\":\"https:\\\/\\\/secure.gravatar.com\\\/avatar\\\/479647e5cd62c1657057259de75b2f8f6d458898689f92162d1e66e4bbcb563f?s=96&d=mm&r=g\",\"caption\":\"Mi\u0142osz Mazurek\"},\"logo\":{\"@id\":\"https:\\\/\\\/secure.gravatar.com\\\/avatar\\\/479647e5cd62c1657057259de75b2f8f6d458898689f92162d1e66e4bbcb563f?s=96&d=mm&r=g\"}}]}<\/script>\n<!-- \/ Yoast SEO plugin. -->","yoast_head_json":{"title":"Ekspozycja - The Chab\u00f3wka Rolling-Stock Heritage Park &quot;Skansen&quot;","description":"Skansen taboru kolejowego w Chab\u00f3wce-strona o najwi\u0119kszej tego typu muzealnej ekspozycji w Polsce. Opis zbior\u00f3w, fotografie i filmy z przejazd\u00f3w retro","robots":{"index":"index","follow":"follow","max-snippet":"max-snippet:-1","max-image-preview":"max-image-preview:large","max-video-preview":"max-video-preview:-1"},"canonical":"https:\/\/www.parowozy.pl\/steamtrains\/ekspozycja\/","og_locale":"en_US","og_type":"article","og_title":"Ekspozycja - The Chab\u00f3wka Rolling-Stock Heritage Park &quot;Skansen&quot;","og_description":"Skansen taboru kolejowego w Chab\u00f3wce-strona o najwi\u0119kszej tego typu muzealnej ekspozycji w Polsce. Opis zbior\u00f3w, fotografie i filmy z przejazd\u00f3w retro","og_url":"https:\/\/www.parowozy.pl\/steamtrains\/ekspozycja\/","og_site_name":"The Chab\u00f3wka Rolling-Stock Heritage Park &quot;Skansen&quot;","article_modified_time":"2015-03-29T18:55:29+00:00","og_image":[{"width":1077,"height":808,"url":"https:\/\/i0.wp.com\/www.parowozy.pl\/steamtrains\/wp-content\/uploads\/sites\/7\/2015\/04\/Ty42-107-z-33300-Kasina-Wielka-Mszana-Dolna-6.04.2014-16.39.jpg?fit=1077%2C808&ssl=1","type":"image\/jpeg"}],"schema":{"@context":"https:\/\/schema.org","@graph":[{"@type":"WebPage","@id":"https:\/\/www.parowozy.pl\/steamtrains\/ekspozycja\/","url":"https:\/\/www.parowozy.pl\/steamtrains\/ekspozycja\/","name":"Ekspozycja - The Chab\u00f3wka Rolling-Stock Heritage Park &quot;Skansen&quot;","isPartOf":{"@id":"https:\/\/www.parowozy.pl\/steamtrains\/#website"},"datePublished":"2015-03-18T20:41:56+00:00","dateModified":"2015-03-29T18:55:29+00:00","description":"Skansen taboru kolejowego w Chab\u00f3wce-strona o najwi\u0119kszej tego typu muzealnej ekspozycji w Polsce. Opis zbior\u00f3w, fotografie i filmy z przejazd\u00f3w retro","breadcrumb":{"@id":"https:\/\/www.parowozy.pl\/steamtrains\/ekspozycja\/#breadcrumb"},"inLanguage":"en-US","potentialAction":[{"@type":"ReadAction","target":["https:\/\/www.parowozy.pl\/steamtrains\/ekspozycja\/"]}]},{"@type":"BreadcrumbList","@id":"https:\/\/www.parowozy.pl\/steamtrains\/ekspozycja\/#breadcrumb","itemListElement":[{"@type":"ListItem","position":1,"name":"Strona g\u0142\u00f3wna","item":"https:\/\/www.parowozy.pl\/steamtrains\/"},{"@type":"ListItem","position":2,"name":"Ekspozycja"}]},{"@type":"WebSite","@id":"https:\/\/www.parowozy.pl\/steamtrains\/#website","url":"https:\/\/www.parowozy.pl\/steamtrains\/","name":"The Chab\u00f3wka Rolling-Stock Heritage Park &quot;Skansen&quot;","description":"Chab\u00f3wka Museum","publisher":{"@id":"https:\/\/www.parowozy.pl\/steamtrains\/#\/schema\/person\/c2d2f38fc75cbe7d3cc51204696dc8eb"},"potentialAction":[{"@type":"SearchAction","target":{"@type":"EntryPoint","urlTemplate":"https:\/\/www.parowozy.pl\/steamtrains\/?s={search_term_string}"},"query-input":{"@type":"PropertyValueSpecification","valueRequired":true,"valueName":"search_term_string"}}],"inLanguage":"en-US"},{"@type":["Person","Organization"],"@id":"https:\/\/www.parowozy.pl\/steamtrains\/#\/schema\/person\/c2d2f38fc75cbe7d3cc51204696dc8eb","name":"Mi\u0142osz Mazurek","image":{"@type":"ImageObject","inLanguage":"en-US","@id":"https:\/\/secure.gravatar.com\/avatar\/479647e5cd62c1657057259de75b2f8f6d458898689f92162d1e66e4bbcb563f?s=96&d=mm&r=g","url":"https:\/\/secure.gravatar.com\/avatar\/479647e5cd62c1657057259de75b2f8f6d458898689f92162d1e66e4bbcb563f?s=96&d=mm&r=g","contentUrl":"https:\/\/secure.gravatar.com\/avatar\/479647e5cd62c1657057259de75b2f8f6d458898689f92162d1e66e4bbcb563f?s=96&d=mm&r=g","caption":"Mi\u0142osz Mazurek"},"logo":{"@id":"https:\/\/secure.gravatar.com\/avatar\/479647e5cd62c1657057259de75b2f8f6d458898689f92162d1e66e4bbcb563f?s=96&d=mm&r=g"}}]}},"jetpack_sharing_enabled":true,"_links":{"self":[{"href":"https:\/\/www.parowozy.pl\/steamtrains\/wp-json\/wp\/v2\/pages\/47","targetHints":{"allow":["GET"]}}],"collection":[{"href":"https:\/\/www.parowozy.pl\/steamtrains\/wp-json\/wp\/v2\/pages"}],"about":[{"href":"https:\/\/www.parowozy.pl\/steamtrains\/wp-json\/wp\/v2\/types\/page"}],"author":[{"embeddable":true,"href":"https:\/\/www.parowozy.pl\/steamtrains\/wp-json\/wp\/v2\/users\/1"}],"replies":[{"embeddable":true,"href":"https:\/\/www.parowozy.pl\/steamtrains\/wp-json\/wp\/v2\/comments?post=47"}],"version-history":[{"count":2,"href":"https:\/\/www.parowozy.pl\/steamtrains\/wp-json\/wp\/v2\/pages\/47\/revisions"}],"predecessor-version":[{"id":122,"href":"https:\/\/www.parowozy.pl\/steamtrains\/wp-json\/wp\/v2\/pages\/47\/revisions\/122"}],"wp:attachment":[{"href":"https:\/\/www.parowozy.pl\/steamtrains\/wp-json\/wp\/v2\/media?parent=47"}],"curies":[{"name":"wp","href":"https:\/\/api.w.org\/{rel}","templated":true}]}}